{"id":23344,"date":"2022-04-25T10:13:27","date_gmt":"2022-04-25T10:13:27","guid":{"rendered":"https:\/\/masorinibushlodge.com\/geschichte-masorini\/"},"modified":"2022-08-31T15:19:08","modified_gmt":"2022-08-31T15:19:08","slug":"geschichte-masorini","status":"publish","type":"page","link":"https:\/\/masorinibushlodge.com\/de\/geschichte-masorini\/","title":{"rendered":"Geschichte von Masorini"},"content":{"rendered":"<p>Der Name Masorini stammt aus der sp\u00e4ten Eisenzeit. Masorini war ein Gebiet auf einem H\u00fcgel im Kr\u00fcger-Nationalpark, etwa 12 km vom Phalaborwa Gate an der Hauptstra\u00dfe zum Letaba Rest Camp entfernt.<br \/>\nMasorini wurde im 19. Jahrhundert vom Sotho-sprechenden Stamm der Ba-Phalaborwa bewohnt. Dieser Stamm entwickelte eine fortschrittliche Bergbauindustrie. Sie schmolzen Eisenerz und handelten mit diesen Eisenprodukten.<\/p>\n<p>Heute ist Masorini ein interessanter Ort, an dem Sie \u00dcberreste aus dieser Zeit sehen k\u00f6nnen, wie Steinmauern, Schleifsteine, Tonscherben, aber auch die \u00dcberreste von Gie\u00dfereien, wie eine Schmelze aus dem 19. Jahrhundert.<br \/>\nEs sind auch einige Werkzeuge ausgestellt, die bis in die Steinzeit zur\u00fcckreichen.<br \/>\nDieses Dorf bietet einen Einblick in die Wirtschaft und Technologie der J\u00e4ger und Sammler und sp\u00e4teren Menschen der Eisenzeit.&nbsp;<\/p>\n<p>Von der Masorini-H\u00fcgelspitze hat man einen sch\u00f6nen Blick auf den Shikumbu-H\u00fcgel, wo der H\u00e4uptling lebte. In den Schockwellen, die dem Aufstieg des Zulu-K\u00f6nigreichs im fr\u00fchen 19. Jahrhundert folgten, endete Masorini als Siedlung.<\/p>\n<div id='gallery-1' class='gallery galleryid-23344 gallery-columns-2 gallery-size-large'><figure class='gallery-item'>\n\t\t\t<div class='gallery-icon landscape'>\n\t\t\t\t<img fetchpriority=\"high\" decoding=\"async\" width=\"640\" height=\"360\" src=\"https:\/\/masorinibushlodge.com\/wp-content\/uploads\/2022\/04\/20220116_084318-1024x576.jpg\" class=\"attachment-large size-large\" alt=\"\" srcset=\"https:\/\/masorinibushlodge.com\/wp-content\/uploads\/2022\/04\/20220116_084318-1024x576.jpg 1024w, https:\/\/masorinibushlodge.com\/wp-content\/uploads\/2022\/04\/20220116_084318-300x169.jpg 300w, https:\/\/masorinibushlodge.com\/wp-content\/uploads\/2022\/04\/20220116_084318-768x432.jpg 768w, https:\/\/masorinibushlodge.com\/wp-content\/uploads\/2022\/04\/20220116_084318-1536x864.jpg 1536w, https:\/\/masorinibushlodge.com\/wp-content\/uploads\/2022\/04\/20220116_084318-2048x1152.jpg 2048w\" sizes=\"(max-width: 640px) 100vw, 640px\" \/>\n\t\t\t<\/div><\/figure><figure class='gallery-item'>\n\t\t\t<div class='gallery-icon landscape'>\n\t\t\t\t<img decoding=\"async\" width=\"640\" height=\"360\" src=\"https:\/\/masorinibushlodge.com\/wp-content\/uploads\/2022\/04\/20220116_084538-1024x576.jpg\" class=\"attachment-large size-large\" alt=\"\" srcset=\"https:\/\/masorinibushlodge.com\/wp-content\/uploads\/2022\/04\/20220116_084538-1024x576.jpg 1024w, https:\/\/masorinibushlodge.com\/wp-content\/uploads\/2022\/04\/20220116_084538-300x169.jpg 300w, https:\/\/masorinibushlodge.com\/wp-content\/uploads\/2022\/04\/20220116_084538-768x432.jpg 768w, https:\/\/masorinibushlodge.com\/wp-content\/uploads\/2022\/04\/20220116_084538-1536x864.jpg 1536w, https:\/\/masorinibushlodge.com\/wp-content\/uploads\/2022\/04\/20220116_084538-2048x1152.jpg 2048w\" sizes=\"(max-width: 640px) 100vw, 640px\" \/>\n\t\t\t<\/div><\/figure><figure class='gallery-item'>\n\t\t\t<div class='gallery-icon landscape'>\n\t\t\t\t<img decoding=\"async\" width=\"640\" height=\"360\" src=\"https:\/\/masorinibushlodge.com\/wp-content\/uploads\/2022\/04\/20220116_084023-1024x576.jpg\" class=\"attachment-large size-large\" alt=\"\" srcset=\"https:\/\/masorinibushlodge.com\/wp-content\/uploads\/2022\/04\/20220116_084023-1024x576.jpg 1024w, https:\/\/masorinibushlodge.com\/wp-content\/uploads\/2022\/04\/20220116_084023-300x169.jpg 300w, https:\/\/masorinibushlodge.com\/wp-content\/uploads\/2022\/04\/20220116_084023-768x432.jpg 768w, https:\/\/masorinibushlodge.com\/wp-content\/uploads\/2022\/04\/20220116_084023-1536x864.jpg 1536w, https:\/\/masorinibushlodge.com\/wp-content\/uploads\/2022\/04\/20220116_084023-2048x1152.jpg 2048w\" sizes=\"(max-width: 640px) 100vw, 640px\" \/>\n\t\t\t<\/div><\/figure><figure class='gallery-item'>\n\t\t\t<div class='gallery-icon landscape'>\n\t\t\t\t<img loading=\"lazy\" decoding=\"async\" width=\"640\" height=\"360\" src=\"https:\/\/masorinibushlodge.com\/wp-content\/uploads\/2022\/04\/20220116_084105-1024x576.jpg\" class=\"attachment-large size-large\" alt=\"\" srcset=\"https:\/\/masorinibushlodge.com\/wp-content\/uploads\/2022\/04\/20220116_084105-1024x576.jpg 1024w, https:\/\/masorinibushlodge.com\/wp-content\/uploads\/2022\/04\/20220116_084105-300x169.jpg 300w, https:\/\/masorinibushlodge.com\/wp-content\/uploads\/2022\/04\/20220116_084105-768x432.jpg 768w, https:\/\/masorinibushlodge.com\/wp-content\/uploads\/2022\/04\/20220116_084105-1536x864.jpg 1536w, https:\/\/masorinibushlodge.com\/wp-content\/uploads\/2022\/04\/20220116_084105.jpg 2016w\" sizes=\"(max-width: 640px) 100vw, 640px\" \/>\n\t\t\t<\/div><\/figure><figure class='gallery-item'>\n\t\t\t<div class='gallery-icon landscape'>\n\t\t\t\t<img loading=\"lazy\" decoding=\"async\" width=\"640\" height=\"360\" src=\"https:\/\/masorinibushlodge.com\/wp-content\/uploads\/2022\/04\/20220116_084257-1024x576.jpg\" class=\"attachment-large size-large\" alt=\"\" srcset=\"https:\/\/masorinibushlodge.com\/wp-content\/uploads\/2022\/04\/20220116_084257-1024x576.jpg 1024w, https:\/\/masorinibushlodge.com\/wp-content\/uploads\/2022\/04\/20220116_084257-300x169.jpg 300w, https:\/\/masorinibushlodge.com\/wp-content\/uploads\/2022\/04\/20220116_084257-768x432.jpg 768w, https:\/\/masorinibushlodge.com\/wp-content\/uploads\/2022\/04\/20220116_084257-1536x864.jpg 1536w, https:\/\/masorinibushlodge.com\/wp-content\/uploads\/2022\/04\/20220116_084257-2048x1152.jpg 2048w\" sizes=\"(max-width: 640px) 100vw, 640px\" \/>\n\t\t\t<\/div><\/figure><figure class='gallery-item'>\n\t\t\t<div class='gallery-icon landscape'>\n\t\t\t\t<img loading=\"lazy\" decoding=\"async\" width=\"640\" height=\"360\" src=\"https:\/\/masorinibushlodge.com\/wp-content\/uploads\/2022\/04\/20220116_083237-1024x576.jpg\" class=\"attachment-large size-large\" alt=\"\" srcset=\"https:\/\/masorinibushlodge.com\/wp-content\/uploads\/2022\/04\/20220116_083237-1024x576.jpg 1024w, https:\/\/masorinibushlodge.com\/wp-content\/uploads\/2022\/04\/20220116_083237-300x169.jpg 300w, https:\/\/masorinibushlodge.com\/wp-content\/uploads\/2022\/04\/20220116_083237-768x432.jpg 768w, https:\/\/masorinibushlodge.com\/wp-content\/uploads\/2022\/04\/20220116_083237-1536x864.jpg 1536w, https:\/\/masorinibushlodge.com\/wp-content\/uploads\/2022\/04\/20220116_083237.jpg 2016w\" sizes=\"(max-width: 640px) 100vw, 640px\" \/>\n\t\t\t<\/div><\/figure><figure class='gallery-item'>\n\t\t\t<div class='gallery-icon landscape'>\n\t\t\t\t<img loading=\"lazy\" decoding=\"async\" width=\"640\" height=\"360\" src=\"https:\/\/masorinibushlodge.com\/wp-content\/uploads\/2022\/04\/20220116_083649-1024x576.jpg\" class=\"attachment-large size-large\" alt=\"\" srcset=\"https:\/\/masorinibushlodge.com\/wp-content\/uploads\/2022\/04\/20220116_083649-1024x576.jpg 1024w, https:\/\/masorinibushlodge.com\/wp-content\/uploads\/2022\/04\/20220116_083649-300x169.jpg 300w, https:\/\/masorinibushlodge.com\/wp-content\/uploads\/2022\/04\/20220116_083649-768x432.jpg 768w, https:\/\/masorinibushlodge.com\/wp-content\/uploads\/2022\/04\/20220116_083649-1536x864.jpg 1536w, https:\/\/masorinibushlodge.com\/wp-content\/uploads\/2022\/04\/20220116_083649-2048x1152.jpg 2048w\" sizes=\"(max-width: 640px) 100vw, 640px\" \/>\n\t\t\t<\/div><\/figure><figure class='gallery-item'>\n\t\t\t<div class='gallery-icon landscape'>\n\t\t\t\t<img loading=\"lazy\" decoding=\"async\" width=\"640\" height=\"360\" src=\"https:\/\/masorinibushlodge.com\/wp-content\/uploads\/2022\/04\/20220116_083846-1024x576.jpg\" class=\"attachment-large size-large\" alt=\"\" srcset=\"https:\/\/masorinibushlodge.com\/wp-content\/uploads\/2022\/04\/20220116_083846-1024x576.jpg 1024w, https:\/\/masorinibushlodge.com\/wp-content\/uploads\/2022\/04\/20220116_083846-300x169.jpg 300w, https:\/\/masorinibushlodge.com\/wp-content\/uploads\/2022\/04\/20220116_083846-768x432.jpg 768w, https:\/\/masorinibushlodge.com\/wp-content\/uploads\/2022\/04\/20220116_083846-1536x864.jpg 1536w, https:\/\/masorinibushlodge.com\/wp-content\/uploads\/2022\/04\/20220116_083846-2048x1152.jpg 2048w\" sizes=\"(max-width: 640px) 100vw, 640px\" \/>\n\t\t\t<\/div><\/figure>\n\t\t<\/div>\n\n","protected":false},"excerpt":{"rendered":"<p>Der Name Masorini stammt aus der sp\u00e4ten Eisenzeit. Masorini war ein Gebiet auf einem H\u00fcgel im Kr\u00fcger-Nationalpark, etwa 12 km vom Phalaborwa Gate an der Hauptstra\u00dfe zum Letaba Rest Camp entfernt. Masorini wurde im 19. Jahrhundert vom Sotho-sprechenden Stamm der Ba-Phalaborwa bewohnt. Dieser Stamm entwickelte eine fortschrittliche Bergbauindustrie. Sie schmolzen Eisenerz und handelten mit diesen [&hellip;]<\/p>\n","protected":false},"author":1,"featured_media":0,"parent":0,"menu_order":0,"comment_status":"closed","ping_status":"closed","template":"","meta":{"ngg_post_thumbnail":0,"footnotes":""},"class_list":["post-23344","page","type-page","status-publish","hentry"],"_links":{"self":[{"href":"https:\/\/masorinibushlodge.com\/de\/wp-json\/wp\/v2\/pages\/23344","targetHints":{"allow":["GET"]}}],"collection":[{"href":"https:\/\/masorinibushlodge.com\/de\/wp-json\/wp\/v2\/pages"}],"about":[{"href":"https:\/\/masorinibushlodge.com\/de\/wp-json\/wp\/v2\/types\/page"}],"author":[{"embeddable":true,"href":"https:\/\/masorinibushlodge.com\/de\/wp-json\/wp\/v2\/users\/1"}],"replies":[{"embeddable":true,"href":"https:\/\/masorinibushlodge.com\/de\/wp-json\/wp\/v2\/comments?post=23344"}],"version-history":[{"count":1,"href":"https:\/\/masorinibushlodge.com\/de\/wp-json\/wp\/v2\/pages\/23344\/revisions"}],"predecessor-version":[{"id":23640,"href":"https:\/\/masorinibushlodge.com\/de\/wp-json\/wp\/v2\/pages\/23344\/revisions\/23640"}],"wp:attachment":[{"href":"https:\/\/masorinibushlodge.com\/de\/wp-json\/wp\/v2\/media?parent=23344"}],"curies":[{"name":"wp","href":"https:\/\/api.w.org\/{rel}","templated":true}]}}