{"id":23345,"date":"2022-04-20T08:50:31","date_gmt":"2022-04-20T08:50:31","guid":{"rendered":"https:\/\/masorinibushlodge.com\/masorini-bush-lodge\/"},"modified":"2025-03-11T06:52:47","modified_gmt":"2025-03-11T06:52:47","slug":"masorini-bush-lodge","status":"publish","type":"page","link":"https:\/\/masorinibushlodge.com\/de\/masorini-bush-lodge\/","title":{"rendered":"Masorini-Bush-Lodge"},"content":{"rendered":"\t\t<div data-elementor-type=\"wp-page\" data-elementor-id=\"23345\" class=\"elementor elementor-23345 elementor-22777\">\n\t\t\t\t\t\t<section class=\"elementor-section elementor-top-section elementor-element elementor-element-26c4d914 elementor-section-boxed elementor-section-height-default elementor-section-height-default\" data-id=\"26c4d914\" data-element_type=\"section\" data-e-type=\"section\">\n\t\t\t\t\t\t<div class=\"elementor-container elementor-column-gap-default\">\n\t\t\t\t\t<div class=\"elementor-column elementor-col-100 elementor-top-column elementor-element elementor-element-30fba213\" data-id=\"30fba213\" data-element_type=\"column\" data-e-type=\"column\">\n\t\t\t<div class=\"elementor-widget-wrap elementor-element-populated\">\n\t\t\t\t\t\t<div class=\"elementor-element elementor-element-c16792f elementor-widget elementor-widget-text-editor\" data-id=\"c16792f\" data-element_type=\"widget\" data-e-type=\"widget\" data-widget_type=\"text-editor.default\">\n\t\t\t\t<div class=\"elementor-widget-container\">\n\t\t\t\t\t\t\t\t\t<p>Die Masorini Bush Lodge ist ein verstecktes Juwel am Stadtrand von Phalaborwa. Vollst\u00e4ndig mit Solarenergie und eigenem Brunnenwasser versorgt.<\/p>\n<p>Unsere sch\u00f6ne Lodge bietet Chalets zur Selbstverpflegung. Mit zwei A-Rahmen-Chalets, sechs Rondavel-Chalets, einem Familien-Chalet (max. 4 Personen) und zwei luxuri\u00f6sen Safari-Zelten.<\/p>\n<p>Alle Chalets und Safarizelte sind mit einem eigenen Bad, einer Toilette, einem Kingsize-Bett, einer Au\u00dfenk\u00fcche (einschlie\u00dflich des notwendigen Geschirrs, Bestecks und der T\u00f6pfe und Pfannen) ausgestattet und verf\u00fcgen \u00fcber eine Terrasse mit beruhigendem Buschblick.<\/p>\n<p>Ab Mai 2024 wird die Masorini Busch Lodge vollst\u00e4ndig mit Solarenergie betrieben, so dass die Zimmer auch bei Stromausf\u00e4llen mit Strom versorgt werden. Wir haben auch einen eigenen Brunnen, so dass wir unsere G\u00e4ste immer mit Wasser versorgen k\u00f6nnen.<\/p>\n<p>In der Masorini Bush Lodge sorgen wir daf\u00fcr, dass Ihr Besuch entspannt und vor allem erholsam wird, denn hier k\u00f6nnen Sie die Natur und die Tiere in Ruhe genie\u00dfen.<\/p>\n<p>Alle wichtigen Sehensw\u00fcrdigkeiten sind nicht weit von unserer Lodge entfernt. Unsere Lodge liegt nur 5 Kilometer von Phalaborwa und 8 Kilometer von einem der Eing\u00e4nge zum Kr\u00fcger-Nationalpark entfernt.<br \/>Phalaborwa ist eine Bergbaustadt und verf\u00fcgt \u00fcber eine Mine mit einem Durchmesser von fast 2.000 Metern. Es ist das breiteste von Menschenhand geschaffene Loch in Afrika.<\/p>\n<p>Die Masorini Bush Lodge ist keine Big 5-Lodge, aber es gibt jede Menge Wildtiere wie Impalas, Wildschweine, Wasserb\u00f6cke, Duiker, Perlh\u00fchner und vieles mehr. Und wenn Sie Gl\u00fcck haben, auch ein Elefant!<br \/>Wenn Sie das Bed\u00fcrfnis haben, sich zu entspannen, k\u00f6nnen Sie auf unserem 42 Hektar gro\u00dfen Gel\u00e4nde frei herumlaufen.<\/p>\n<p>Die Masorini Bush Lodge verf\u00fcgt auch \u00fcber einen Wasserdamm, an dem die Tiere trinken.<\/p>\n<p>F\u00fcr G\u00e4ste, die Vollverpflegung w\u00fcnschen, bietet die Masorini Bush Lodge zus\u00e4tzlich zur Selbstverpflegung Fr\u00fchst\u00fcck und Abendessen an. Hier werden die besten lokalen und frischen Produkte verwendet. All dies wird unter der Lapa serviert.<\/p>\n<p>Wenn Sie das Abendessen oder den Grillabend in Anspruch nehmen m\u00f6chten, m\u00fcssen Sie 24 Stunden im Voraus reservieren.<\/p>\n<p>Also kommen Sie und genie\u00dfen Sie den Zauber Afrikas in dieser Buschlandschaft und entdecken Sie alles, was die Greater Kruger Region zu bieten hat!<\/p>\n\t\t\t\t\t\t\t\t<\/div>\n\t\t\t\t<\/div>\n\t\t\t\t\t<\/div>\n\t\t<\/div>\n\t\t\t\t\t<\/div>\n\t\t<\/section>\n\t\t\t\t<\/div>\n\t\t","protected":false},"excerpt":{"rendered":"<p>Die Masorini Bush Lodge ist ein verstecktes Juwel am Stadtrand von Phalaborwa. Vollst\u00e4ndig mit Solarenergie und eigenem Brunnenwasser versorgt. Unsere sch\u00f6ne Lodge bietet Chalets zur Selbstverpflegung. Mit zwei A-Rahmen-Chalets, sechs Rondavel-Chalets, einem Familien-Chalet (max. 4 Personen) und zwei luxuri\u00f6sen Safari-Zelten. Alle Chalets und Safarizelte sind mit einem eigenen Bad, einer Toilette, einem Kingsize-Bett, einer Au\u00dfenk\u00fcche [&hellip;]<\/p>\n","protected":false},"author":1,"featured_media":23310,"parent":0,"menu_order":0,"comment_status":"closed","ping_status":"closed","template":"","meta":{"ngg_post_thumbnail":0,"footnotes":""},"class_list":["post-23345","page","type-page","status-publish","has-post-thumbnail","hentry"],"_links":{"self":[{"href":"https:\/\/masorinibushlodge.com\/de\/wp-json\/wp\/v2\/pages\/23345","targetHints":{"allow":["GET"]}}],"collection":[{"href":"https:\/\/masorinibushlodge.com\/de\/wp-json\/wp\/v2\/pages"}],"about":[{"href":"https:\/\/masorinibushlodge.com\/de\/wp-json\/wp\/v2\/types\/page"}],"author":[{"embeddable":true,"href":"https:\/\/masorinibushlodge.com\/de\/wp-json\/wp\/v2\/users\/1"}],"replies":[{"embeddable":true,"href":"https:\/\/masorinibushlodge.com\/de\/wp-json\/wp\/v2\/comments?post=23345"}],"version-history":[{"count":4,"href":"https:\/\/masorinibushlodge.com\/de\/wp-json\/wp\/v2\/pages\/23345\/revisions"}],"predecessor-version":[{"id":24282,"href":"https:\/\/masorinibushlodge.com\/de\/wp-json\/wp\/v2\/pages\/23345\/revisions\/24282"}],"wp:featuredmedia":[{"embeddable":true,"href":"https:\/\/masorinibushlodge.com\/de\/wp-json\/wp\/v2\/media\/23310"}],"wp:attachment":[{"href":"https:\/\/masorinibushlodge.com\/de\/wp-json\/wp\/v2\/media?parent=23345"}],"curies":[{"name":"wp","href":"https:\/\/api.w.org\/{rel}","templated":true}]}}