{"id":23352,"date":"2022-04-02T13:56:10","date_gmt":"2022-04-02T13:56:10","guid":{"rendered":"https:\/\/masorinibushlodge.com\/einfuehren\/"},"modified":"2024-02-11T14:34:29","modified_gmt":"2024-02-11T14:34:29","slug":"einfuehren","status":"publish","type":"page","link":"https:\/\/masorinibushlodge.com\/de\/einfuehren\/","title":{"rendered":"\u00dcber uns"},"content":{"rendered":"<p>Wir sind Eric und Natasja, ein niederl\u00e4ndisches Paar mit einer Leidenschaft f\u00fcr S\u00fcdafrika. Seit Februar 2022 sind wir stolze Besitzer der Masorini Bush Lodge.<\/p>\n<p>Natasjas Wurzeln liegen in S\u00fcdafrika und auch Eric f\u00fchlt sich diesem sch\u00f6nen Land verbunden. Nachdem wir viele Urlaube in S\u00fcdafrika verbracht haben, haben wir uns entschlossen, den Kurs komplett zu \u00e4ndern. Wir haben alles in den Niederlanden verkauft, nach einem sch\u00f6nen Ort gesucht, um neu anzufangen, und alles in der Masorini Bush Lodge gefunden.<\/p>\n<p>Wir werden alles tun, um unseren G\u00e4sten einen sch\u00f6nen und gastfreundlichen Aufenthalt in einer ruhigen Umgebung im Busch zu bieten.<\/p>\n<p><img fetchpriority=\"high\" decoding=\"async\" class=\"alignnone wp-image-23041\" src=\"https:\/\/masorinibushlodge.com\/wp-content\/uploads\/2022\/05\/over-ons-300x142.jpeg\" alt=\"Einf\u00fchren\" width=\"720\" height=\"341\" srcset=\"https:\/\/masorinibushlodge.com\/wp-content\/uploads\/2022\/05\/over-ons-300x142.jpeg 300w, https:\/\/masorinibushlodge.com\/wp-content\/uploads\/2022\/05\/over-ons-1024x485.jpeg 1024w, https:\/\/masorinibushlodge.com\/wp-content\/uploads\/2022\/05\/over-ons-768x363.jpeg 768w, https:\/\/masorinibushlodge.com\/wp-content\/uploads\/2022\/05\/over-ons-1536x727.jpeg 1536w, https:\/\/masorinibushlodge.com\/wp-content\/uploads\/2022\/05\/over-ons.jpeg 2016w\" sizes=\"(max-width: 720px) 100vw, 720px\" \/><\/p>\n","protected":false},"excerpt":{"rendered":"<p>Wir sind Eric und Natasja, ein niederl\u00e4ndisches Paar mit einer Leidenschaft f\u00fcr S\u00fcdafrika. Seit Februar 2022 sind wir stolze Besitzer der Masorini Bush Lodge. Natasjas Wurzeln liegen in S\u00fcdafrika und auch Eric f\u00fchlt sich diesem sch\u00f6nen Land verbunden. Nachdem wir viele Urlaube in S\u00fcdafrika verbracht haben, haben wir uns entschlossen, den Kurs komplett zu \u00e4ndern. [&hellip;]<\/p>\n","protected":false},"author":1,"featured_media":0,"parent":0,"menu_order":0,"comment_status":"closed","ping_status":"closed","template":"","meta":{"ngg_post_thumbnail":0,"footnotes":""},"class_list":["post-23352","page","type-page","status-publish","hentry"],"_links":{"self":[{"href":"https:\/\/masorinibushlodge.com\/de\/wp-json\/wp\/v2\/pages\/23352","targetHints":{"allow":["GET"]}}],"collection":[{"href":"https:\/\/masorinibushlodge.com\/de\/wp-json\/wp\/v2\/pages"}],"about":[{"href":"https:\/\/masorinibushlodge.com\/de\/wp-json\/wp\/v2\/types\/page"}],"author":[{"embeddable":true,"href":"https:\/\/masorinibushlodge.com\/de\/wp-json\/wp\/v2\/users\/1"}],"replies":[{"embeddable":true,"href":"https:\/\/masorinibushlodge.com\/de\/wp-json\/wp\/v2\/comments?post=23352"}],"version-history":[{"count":1,"href":"https:\/\/masorinibushlodge.com\/de\/wp-json\/wp\/v2\/pages\/23352\/revisions"}],"predecessor-version":[{"id":23913,"href":"https:\/\/masorinibushlodge.com\/de\/wp-json\/wp\/v2\/pages\/23352\/revisions\/23913"}],"wp:attachment":[{"href":"https:\/\/masorinibushlodge.com\/de\/wp-json\/wp\/v2\/media?parent=23352"}],"curies":[{"name":"wp","href":"https:\/\/api.w.org\/{rel}","templated":true}]}}