{"id":23353,"date":"2022-04-02T13:56:55","date_gmt":"2022-04-02T13:56:55","guid":{"rendered":"https:\/\/masorinibushlodge.com\/geschichte-masorini-2\/"},"modified":"2022-05-22T12:21:34","modified_gmt":"2022-05-22T12:21:34","slug":"geschichte-masorini-2","status":"publish","type":"page","link":"https:\/\/masorinibushlodge.com\/de\/geschichte-masorini-2\/","title":{"rendered":"Geschichte Masorini"},"content":{"rendered":"\t\t<div data-elementor-type=\"wp-page\" data-elementor-id=\"23353\" class=\"elementor elementor-23353 elementor-22229\">\n\t\t\t\t\t\t<section class=\"elementor-section elementor-top-section elementor-element elementor-element-9bcd5f7 elementor-section-boxed elementor-section-height-default elementor-section-height-default\" data-id=\"9bcd5f7\" data-element_type=\"section\" data-e-type=\"section\">\n\t\t\t\t\t\t<div class=\"elementor-container elementor-column-gap-default\">\n\t\t\t\t\t<div class=\"elementor-column elementor-col-100 elementor-top-column elementor-element elementor-element-eabfc17\" data-id=\"eabfc17\" data-element_type=\"column\" data-e-type=\"column\">\n\t\t\t<div class=\"elementor-widget-wrap elementor-element-populated\">\n\t\t\t\t\t\t<div class=\"elementor-element elementor-element-83fed7e elementor-widget elementor-widget-text-editor\" data-id=\"83fed7e\" data-element_type=\"widget\" data-e-type=\"widget\" data-widget_type=\"text-editor.default\">\n\t\t\t\t<div class=\"elementor-widget-container\">\n\t\t\t\t\t\t\t\t\t<h3 style=\"margin-top:0cm\"><span style=\"font-family: \"Segoe UI\", sans-serif; color: rgb(80, 123, 46);\">H\u00fctte<br>\nGeschichte &amp; Einrichtungen<\/span><\/h3><p><\/p>\n<p style=\"margin-top: 0cm; margin-bottom: 1rem; caret-color: rgb(59, 59, 59); -webkit-tap-highlight-color: rgba(0, 0, 0, 0); text-size-adjust: 100%;\"><span style=\"font-size:13.0pt;font-family:\"Segoe UI\",sans-serif;color:#3B3B3B\">Der Name \u201eMasorini\u201c stammt von einer Fundstelle aus der sp\u00e4ten Eisenzeit, die auf einem zu finden ist<br>\nmarkanter H\u00fcgel 12 km vom Phalaborwa Gate im Kr\u00fcger Nationalpark entfernt.<br>\nDie St\u00e4tte wurde w\u00e4hrend der Sotho-Sprache vom Ba-Phalaborwa-Stamm bewohnt<br>\n1800, die eine fortschrittliche und ausgekl\u00fcgelte Industrie des Bergbaus und der Verh\u00fcttung entwickelten<br>\nEisenerz und Handel mit diesen Eisenprodukten.<p><\/p><\/span><\/p>\n<p style=\"margin-top: 0cm; margin-bottom: 1rem; caret-color: rgb(59, 59, 59); -webkit-tap-highlight-color: rgba(0, 0, 0, 0); text-size-adjust: 100%;\"><span style=\"font-size:13.0pt;font-family:\"Segoe UI\",sans-serif;color:#3B3B3B\">Die Lodge wurde 1998 geboren und ist das Ergebnis einer Leidenschaft f\u00fcr den afrikanischen Busch. es ist<br>\nEigent\u00fcmer gebaut und betrieben und sorgt f\u00fcr einen pers\u00f6nlichen und aufschlussreichen Besuch. Entspannen Sie sich<br>\nund genie\u00dfen Sie die friedliche Umgebung im Busch, w\u00e4hrend Sie Ihre Sinne ansprechen<br>\nAnblick, Ger\u00e4usch und Geruch des afrikanischen Busches &#8211; der Anblick von frei umherziehendem Wild &#8211;<br>\nder Klang einer \u00fcppigen Vogelwelt &#8211; der Duft wilder Fr\u00fcchte und Blumen<p><\/p><\/span><\/p>\n<p style=\"margin-top: 0cm; margin-bottom: 1rem; caret-color: rgb(59, 59, 59); -webkit-tap-highlight-color: rgba(0, 0, 0, 0); text-size-adjust: 100%;\"><span style=\"font-size:13.0pt;font-family:\"Segoe UI\",sans-serif;color:#3B3B3B\">Unsere Unterkunft ist in strohgedeckten Chalets, die entweder f\u00fcr Selbstversorger oder mit Verpflegung sind<br>\nzum. Jede Einheit besteht aus einem Schlafzimmer, Badezimmer en-suite mit Ihrem eigenen privaten<br>\nTerrasse und Braai-Anlage. Mit unserer komfortablen Unterkunft, k\u00f6stlichen Mahlzeiten<br>\nund herzlicher Gastfreundschaft m\u00f6chten wir Ihnen einen unvergesslichen Aufenthalt mit einem \u201eTouch of<br>\nAfrica\u201c und \u201eTaste of Home\u201c<p><\/p><\/span><\/p>\n<p style=\"margin-top: 0cm; margin-bottom: 1rem; caret-color: rgb(59, 59, 59); -webkit-tap-highlight-color: rgba(0, 0, 0, 0); text-size-adjust: 100%;\"><span style=\"font-size:13.0pt;font-family:\"Segoe UI\",sans-serif;color:#3B3B3B\">Urlaub ist Erholung &amp; Entspannung, daher bieten wir einiges an<br>\nEinrichtungen, um Ihnen die Flucht zu erm\u00f6glichen &#8230;<p><\/p><\/span><\/p>\n<p style=\"margin-top: 0cm; margin-bottom: 1rem; caret-color: rgb(59, 59, 59); -webkit-tap-highlight-color: rgba(0, 0, 0, 0); text-size-adjust: 100%;\"><br><\/p>\n<p><\/p>\n<ul type=\"disc\" style=\"margin-bottom: 1rem; caret-color: rgb(59, 59, 59); -webkit-tap-highlight-color: rgba(0, 0, 0, 0); text-size-adjust: 100%;\">\n<li class=\"MsoNormal\" style=\"color: rgb(59, 59, 59);\"><span style=\"font-size:13.0pt;font-family:\"Segoe UI\",sans-serif;mso-fareast-font-family: \"Times New Roman\"\">&#8211; Schwimmbad<p><\/p><\/span><\/li>\n<li class=\"MsoNormal\" style=\"color: rgb(59, 59, 59);\"><span style=\"font-size:13.0pt;font-family:\"Segoe UI\",sans-serif;mso-fareast-font-family: \"Times New Roman\"\">&#8211; Wanderwege &amp; Vogelbeobachtungsliste<p><\/p><\/span><\/li>\n<li class=\"MsoNormal\" style=\"color: rgb(59, 59, 59);\"><span style=\"font-size:13.0pt;font-family:\"Segoe UI\",sans-serif;mso-fareast-font-family: \"Times New Roman\"\">&#8211; Lizensierter Pub<p><\/p><\/span><\/li>\n<li class=\"MsoNormal\" style=\"color: rgb(59, 59, 59);\"><span style=\"font-size:13.0pt;font-family:\"Segoe UI\",sans-serif;mso-fareast-font-family: \"Times New Roman\"\">&#8211; Chalets f\u00fcr Selbstversorger<p><\/p><\/span><\/li>\n<li class=\"MsoNormal\" style=\"color: rgb(59, 59, 59);\"><span style=\"font-size:13.0pt;font-family:\"Segoe UI\",sans-serif;mso-fareast-font-family: \"Times New Roman\"\">&#8211; Chalets werden t\u00e4glich gewartet<p><\/p><\/span><\/li>\n<li class=\"MsoNormal\" style=\"color: rgb(59, 59, 59);\"><span style=\"font-size:13.0pt;font-family:\"Segoe UI\",sans-serif;mso-fareast-font-family: \"Times New Roman\"\">&#8211; W\u00e4scherei-Service<p><\/p><\/span><\/li>\n<li class=\"MsoNormal\" style=\"color: rgb(59, 59, 59);\"><span style=\"font-size:13.0pt;font-family:\"Segoe UI\",sans-serif;mso-fareast-font-family: \"Times New Roman\"\">&#8211; N\u00e4chtliches Lagerfeuer<p><\/p><\/span><\/li>\n<li class=\"MsoNormal\" style=\"color: rgb(59, 59, 59);\"><span style=\"font-size:13.0pt;font-family:\"Segoe UI\",sans-serif;mso-fareast-font-family: \"Times New Roman\"\">&#8211; Organisieren und buchen Sie alle lokalen Aktivit\u00e4ten und Safaris<p><\/p><\/span><\/li>\n<li class=\"MsoNormal\" style=\"color: rgb(59, 59, 59);\"><span style=\"font-size:13.0pt;font-family:\"Segoe UI\",sans-serif;mso-fareast-font-family: \"Times New Roman\"\">&#8211; Unterst\u00fctzung bei der Planung von Reiserouten<p><\/p><\/span><\/li>\n<li class=\"MsoNormal\" style=\"color: rgb(59, 59, 59);\"><span style=\"font-size:13.0pt;font-family:\"Segoe UI\",sans-serif;mso-fareast-font-family: \"Times New Roman\"\">&#8211; Sicheres Parken<p><\/p><\/span><\/li>\n<\/ul>\t\t\t\t\t\t\t\t<\/div>\n\t\t\t\t<\/div>\n\t\t\t\t\t<\/div>\n\t\t<\/div>\n\t\t\t\t\t<\/div>\n\t\t<\/section>\n\t\t\t\t<\/div>\n\t\t","protected":false},"excerpt":{"rendered":"<p>H\u00fctte Geschichte &amp; Einrichtungen Der Name \u201eMasorini\u201c stammt von einer Fundstelle aus der sp\u00e4ten Eisenzeit, die auf einem zu finden ist markanter H\u00fcgel 12 km vom Phalaborwa Gate im Kr\u00fcger Nationalpark entfernt. Die St\u00e4tte wurde w\u00e4hrend der Sotho-Sprache vom Ba-Phalaborwa-Stamm bewohnt 1800, die eine fortschrittliche und ausgekl\u00fcgelte Industrie des Bergbaus und der Verh\u00fcttung entwickelten Eisenerz [&hellip;]<\/p>\n","protected":false},"author":1,"featured_media":0,"parent":0,"menu_order":0,"comment_status":"closed","ping_status":"closed","template":"","meta":{"ngg_post_thumbnail":0,"footnotes":""},"class_list":["post-23353","page","type-page","status-publish","hentry"],"_links":{"self":[{"href":"https:\/\/masorinibushlodge.com\/de\/wp-json\/wp\/v2\/pages\/23353","targetHints":{"allow":["GET"]}}],"collection":[{"href":"https:\/\/masorinibushlodge.com\/de\/wp-json\/wp\/v2\/pages"}],"about":[{"href":"https:\/\/masorinibushlodge.com\/de\/wp-json\/wp\/v2\/types\/page"}],"author":[{"embeddable":true,"href":"https:\/\/masorinibushlodge.com\/de\/wp-json\/wp\/v2\/users\/1"}],"replies":[{"embeddable":true,"href":"https:\/\/masorinibushlodge.com\/de\/wp-json\/wp\/v2\/comments?post=23353"}],"version-history":[{"count":1,"href":"https:\/\/masorinibushlodge.com\/de\/wp-json\/wp\/v2\/pages\/23353\/revisions"}],"predecessor-version":[{"id":23354,"href":"https:\/\/masorinibushlodge.com\/de\/wp-json\/wp\/v2\/pages\/23353\/revisions\/23354"}],"wp:attachment":[{"href":"https:\/\/masorinibushlodge.com\/de\/wp-json\/wp\/v2\/media?parent=23353"}],"curies":[{"name":"wp","href":"https:\/\/api.w.org\/{rel}","templated":true}]}}