{"id":23355,"date":"2022-04-02T13:57:16","date_gmt":"2022-04-02T13:57:16","guid":{"rendered":"https:\/\/masorinibushlodge.com\/aktivitaeten\/"},"modified":"2025-12-04T17:04:12","modified_gmt":"2025-12-04T17:04:12","slug":"aktivitaeten","status":"publish","type":"page","link":"https:\/\/masorinibushlodge.com\/de\/aktivitaeten\/","title":{"rendered":"Aktivit\u00e4ten"},"content":{"rendered":"<p>In der N\u00e4he der Masorini Bush Lodge gibt es eine Vielzahl von Aktivit\u00e4ten und Ausfl\u00fcgen. Ein Tag auf Wildbeobachtung im Kr\u00fcger-Nationalpark, eine nachhaltige Fahrt auf dem Olifants River oder ein sportlicher Tag beim Golf im Ba Phalaborwa Resort &amp; Golf Club. Es ist f\u00fcr jeden etwas dabei. Wir sind Ihnen gerne bei der Planung Ihrer Aktivit\u00e4ten behilflich.&nbsp;<\/p>\n<p>&nbsp;<\/p>\n<h3><b>Der Kr\u00fcger-Nationalpark<\/b><\/h3>\n<p><img fetchpriority=\"high\" decoding=\"async\" style=\"margin: 0px 0px 10px 10px;\" src=\"https:\/\/masorinibushlodge.com\/wp-content\/uploads\/2022\/05\/Krugerpark-300x169.jpg\" alt=\"Krugerpark\" width=\"400\" height=\"225\" align=\"right\">Der ber\u00fchmte Kr\u00fcger-Park mit seinem Reichtum an Tieren ist ein Muss f\u00fcr jeden Besucher. Machen Sie eine gef\u00fchrte Tagestour oder fahren Sie selbst in den 20.000 Quadratkilometer gro\u00dfen Kr\u00fcger-Nationalpark. Der Park erstreckt sich von den Kleinen Drakensbergen bis nach Mosambik. Er ist vergleichbar mit einem der gr\u00f6\u00dften Parks der Welt.<\/p>\n<p>Hier finden Sie die BIG 5 sowie eine Vielzahl von Wildtieren, V\u00f6geln und verschiedenen Tier- und Pflanzenarten, die nur im Lowveld vorkommen. Es gibt mehrere Camps mit Restaurants und Picknickpl\u00e4tzen im Park, wo Sie sich die Beine vertreten k\u00f6nnen, und ein Netz von Stra\u00dfen, das Ihnen ein authentisches Naturerlebnis garantiert.<br \/>\nDer Kr\u00fcger-Nationalpark ist etwa 20 Minuten von unserer Lodge entfernt. Dies ist ein Muss auf jeder Bucket List!&nbsp;<\/p>\n<h3><b>Die Panoramaroute<\/b><\/h3>\n<p><img decoding=\"async\" style=\"margin: 10px 10px 0px 0px;\" src=\"https:\/\/masorinibushlodge.com\/wp-content\/uploads\/2022\/05\/panorama-route-281x300.jpg\" alt=\"Panorama-Route\" width=\"281\" height=\"300\" align=\"left\">Die ber\u00fchmte Panarama Route erstreckt sich \u00fcber zwei Provinzen: Mpumalanga und Limpopo. Es umfasst den Blyde River Canyon, einen der gr\u00f6\u00dften und gr\u00fcnsten Canyons der Welt. Sie bietet eine F\u00fclle von Attraktionen, die sie zu einer der beliebtesten Routen zur Erkundung ganz Afrikas machen. Es bietet eine herrliche Aussicht und Wasserf\u00e4lle. Sehen Sie die Mac Mac Falls, Bourke&#8217;s Luck Potholes, die drei Rondavels, God&#8217;s Windows, Graskop und vieles mehr.&nbsp;&nbsp;<\/p>\n<h3>&nbsp;<\/h3>\n<h3><b>Blyde Canyon Abenteuerzentrum<\/b><\/h3>\n<p>Genie\u00dfen Sie die Pracht der drittgr\u00f6\u00dften Schlucht der Welt vom Wasser aus. Eine gef\u00fchrte Tour f\u00fchrt Sie zum seltenen lebenden Kadishi-Tuff-Wasserfall und den drei Rondavels. Eine F\u00fclle von Wildtieren wird Sie ablenken, w\u00e4hrend Sie mehr und mehr \u00fcber die Naturgeschichte des Blyde Canyon erfahren.<\/p>\n<h3>&nbsp;<\/h3>\n<h3><b>BA Phalaborwa Resort en Golf Club (Golfen in de wildernis)<\/b><\/h3>\n<p><img decoding=\"async\" style=\"margin: 0px 0px 10px 10px;\" src=\"https:\/\/masorinibushlodge.com\/wp-content\/uploads\/2022\/05\/Golf-300x200.jpg\" alt=\"Golf\" width=\"300\" height=\"200\" align=\"right\"><\/p>\n<p>BA Phalaborwa Resort &amp; Golf Club golf ligt aan de rand van Phalaborwa. F\u00fcr sportliche Aktivit\u00e4ten gibt es weniger als 8 Kilometer von Masorini entfernt die M\u00f6glichkeit, eine gem\u00fctliche Runde Golf zu spielen. Der Golfplatz befindet sich in einer wundersch\u00f6nen Umgebung inmitten von Wildtieren, die Sie regelm\u00e4\u00dfig auf dem Platz selbst antreffen werden. <\/p>\n<h3><b>Elefantenfluss<\/b><\/h3>\n<p>S\u00fcdlich von Phalaborwa liegt der Olifants River. Dies ist einer der gr\u00f6\u00dften Fl\u00fcsse im Kr\u00fcger-Nationalpark und weniger als 30 Fahrminuten von Masorini entfernt. Um zum Olifants River zu gelangen, f\u00e4hrt man zun\u00e4chst durch die gr\u00f6\u00dfte Mine S\u00fcdafrikas und begegnet dabei regelm\u00e4\u00dfig einem Elefanten. Dort angekommen, k\u00f6nnen Sie den Fluss horizontal \u00fcberqueren, w\u00e4hrend Sie ein Getr\u00e4nk und einen Snack genie\u00dfen. W\u00e4hrend des unvermeidlichen Besuchs k\u00f6nnen Sie atemberaubende Ausblicke genie\u00dfen und am Ende des Tages einen wundersch\u00f6nen Sonnenuntergang erleben. Der Name Olifants River ist Programm. Vom Boot aus k\u00f6nnen Sie regelm\u00e4\u00dfig Elefanten, Nilpferde, Krokodile und viele andere Tiere im Wasser oder am Ufer beobachten.&nbsp;<\/p>\n<h4>&nbsp;<\/h4>\n<h3><strong>Ziplining @ Magoebaskloof Adventures <\/strong><\/h3>\n<p><img loading=\"lazy\" decoding=\"async\" style=\"margin: 10px 10px 0px 0px;\" src=\"https:\/\/masorinibushlodge.com\/wp-content\/uploads\/2025\/04\/zip-169x300.jpg\" alt=\"\" width=\"169\" height=\"300\" align=\"left\"><br \/>\nF\u00fcr Adrenalins\u00fcchtige: Ein 2 1\/2-st\u00fcndiger Ausflug \u00fcber die Wasserf\u00e4lle der abgelegenen Letaba-Schlucht bei Magoebaskloof Adventures (7-70 m) ist ein Erlebnis, das man nicht verpassen sollte. Sie werden in eine bisher unzug\u00e4ngliche Schlucht gef\u00fchrt, wo Ihre Plattformen hoch an die Klippen gebaut sind, und Sie durchqueren einheimische W\u00e4lder hoch \u00fcber dem Letaba-Fluss und seinen steilen, tosenden Wasserf\u00e4llen. Reservierung erforderlich.&nbsp;<\/p>\n<h3>&nbsp;<\/h3>\n<h3><b>Aussichtspunkt Mine<\/b><\/h3>\n<p>Phalaborwa ist traditionell ein Bergbaudorf. Es hat den gr\u00f6\u00dften Tagebau in S\u00fcdafrika und den drittgr\u00f6\u00dften der Welt. Der Tagebau hat einen Durchmesser von nicht weniger als zwei Kilometern. Sie k\u00f6nnen mit dem Auto hinauffahren und von dort aus haben Sie einen herrlichen Blick auf das, worauf Phalaborwa so stolz ist.<\/p>\n<h3>&nbsp;<\/h3>\n<h3><strong>Buschwanderung<\/strong><\/h3>\n<p><img loading=\"lazy\" decoding=\"async\" style=\"margin: 0px 0px 10px 10px;\" src=\"https:\/\/masorinibushlodge.com\/wp-content\/uploads\/2025\/11\/Afbeelding1-225x300.jpg\" alt=\"\" width=\"225\" height=\"300\" align=\"right\"><br \/>\nMachen Sie eine gem\u00fctliche Buschwanderung \u00fcber das weitl\u00e4ufige Gel\u00e4nde der Masorini Bush Lodge,<\/p>\n<p>Nicht weniger als 42 Hektar unber\u00fchrte Natur.  &nbsp; &nbsp; &nbsp; &nbsp; &nbsp; &nbsp; &nbsp; &nbsp; &nbsp; &nbsp; &nbsp; &nbsp; &nbsp; &nbsp; &nbsp; &nbsp; &nbsp; &nbsp; &nbsp; &nbsp; &nbsp; &nbsp; &nbsp; &nbsp; &nbsp;<\/p>\n<p>W\u00e4hrend der Wanderung folgen Sie Pfaden, die an sch\u00f6nen Stellen im Busch vorbeif\u00fchren, und genie\u00dfen die Ruhe und die Natur um Sie herum. <\/p>\n<p>Um Sie herum k\u00f6nnen Sie verschiedene V\u00f6gel h\u00f6ren und Antilopen wie Impala und Wasserbock sehen.<\/p>\n<p>Eine wunderbare M\u00f6glichkeit, sich f\u00fcr eine Weile im afrikanischen Busch zu verlieren.<\/p>\n<h3>&nbsp;<\/h3>\n<h3><strong>Boulespiel<\/strong><\/h3>\n<p><img loading=\"lazy\" decoding=\"async\" style=\"margin: 10px 10px 0px 0px;\" src=\"https:\/\/masorinibushlodge.com\/wp-content\/uploads\/2025\/11\/Afbeelding2-225x300.jpg\" alt=\"\" width=\"225\" height=\"300\" align=\"left\"><br \/>\nAuf unserem Gel\u00e4nde finden Sie auch einen Bouleplatz, auf dem Sie in aller Ruhe eine Kugel werfen k\u00f6nnen.<\/p>\n<p style=\"line-height: normal; vertical-align: baseline;\">Der perfekte Ort, um sich zu entspannen und dabei die gr\u00fcne Umgebung zu genie\u00dfen.<\/p>\n","protected":false},"excerpt":{"rendered":"<p>In der N\u00e4he der Masorini Bush Lodge gibt es eine Vielzahl von Aktivit\u00e4ten und Ausfl\u00fcgen. Ein Tag auf Wildbeobachtung im Kr\u00fcger-Nationalpark, eine nachhaltige Fahrt auf dem Olifants River oder ein sportlicher Tag beim Golf im Ba Phalaborwa Resort &amp; Golf Club. Es ist f\u00fcr jeden etwas dabei. Wir sind Ihnen gerne bei der Planung Ihrer [&hellip;]<\/p>\n","protected":false},"author":1,"featured_media":0,"parent":0,"menu_order":0,"comment_status":"closed","ping_status":"closed","template":"","meta":{"ngg_post_thumbnail":0,"footnotes":""},"class_list":["post-23355","page","type-page","status-publish","hentry"],"_links":{"self":[{"href":"https:\/\/masorinibushlodge.com\/de\/wp-json\/wp\/v2\/pages\/23355","targetHints":{"allow":["GET"]}}],"collection":[{"href":"https:\/\/masorinibushlodge.com\/de\/wp-json\/wp\/v2\/pages"}],"about":[{"href":"https:\/\/masorinibushlodge.com\/de\/wp-json\/wp\/v2\/types\/page"}],"author":[{"embeddable":true,"href":"https:\/\/masorinibushlodge.com\/de\/wp-json\/wp\/v2\/users\/1"}],"replies":[{"embeddable":true,"href":"https:\/\/masorinibushlodge.com\/de\/wp-json\/wp\/v2\/comments?post=23355"}],"version-history":[{"count":14,"href":"https:\/\/masorinibushlodge.com\/de\/wp-json\/wp\/v2\/pages\/23355\/revisions"}],"predecessor-version":[{"id":24378,"href":"https:\/\/masorinibushlodge.com\/de\/wp-json\/wp\/v2\/pages\/23355\/revisions\/24378"}],"wp:attachment":[{"href":"https:\/\/masorinibushlodge.com\/de\/wp-json\/wp\/v2\/media?parent=23355"}],"curies":[{"name":"wp","href":"https:\/\/api.w.org\/{rel}","templated":true}]}}